{"id":4100,"date":"2023-04-24T07:05:39","date_gmt":"2023-04-24T07:05:39","guid":{"rendered":"https:\/\/stadtteilladen.andreasbahr.de\/?page_id=4100"},"modified":"2024-04-25T07:37:05","modified_gmt":"2024-04-25T07:37:05","slug":"vermietung","status":"publish","type":"page","link":"https:\/\/stadtteilladen.andreasbahr.de\/?page_id=4100","title":{"rendered":"Vermietung"},"content":{"rendered":"\t\t<div data-elementor-type=\"wp-page\" data-elementor-id=\"4100\" class=\"elementor elementor-4100\">\n\t\t\t\t\t\t<section class=\"elementor-section elementor-top-section elementor-element elementor-element-autbjmn elementor-section-boxed elementor-section-height-default elementor-section-height-default\" data-id=\"autbjmn\" data-element_type=\"section\" data-e-type=\"section\" data-settings=\"{&quot;background_background&quot;:&quot;gradient&quot;}\">\n\t\t\t\t\t\t<div class=\"elementor-container elementor-column-gap-default\">\n\t\t\t\t\t<div class=\"elementor-column elementor-col-100 elementor-top-column elementor-element elementor-element-b421ca0\" data-id=\"b421ca0\" data-element_type=\"column\" data-e-type=\"column\" data-settings=\"{&quot;background_background&quot;:&quot;classic&quot;}\">\n\t\t\t<div class=\"elementor-widget-wrap elementor-element-populated\">\n\t\t\t\t\t\t<section class=\"elementor-section elementor-inner-section elementor-element elementor-element-ed571cb elementor-section-content-middle elementor-section-boxed elementor-section-height-default elementor-section-height-default\" data-id=\"ed571cb\" data-element_type=\"section\" data-e-type=\"section\">\n\t\t\t\t\t\t<div class=\"elementor-container elementor-column-gap-default\">\n\t\t\t\t\t<div class=\"elementor-column elementor-col-50 elementor-inner-column elementor-element elementor-element-7f47395\" data-id=\"7f47395\" data-element_type=\"column\" data-e-type=\"column\">\n\t\t\t<div class=\"elementor-widget-wrap elementor-element-populated\">\n\t\t\t\t\t\t<div class=\"elementor-element elementor-element-34ae71f elementor-widget elementor-widget-image-box\" data-id=\"34ae71f\" data-element_type=\"widget\" data-e-type=\"widget\" data-widget_type=\"image-box.default\">\n\t\t\t\t<div class=\"elementor-widget-container\">\n\t\t\t\t\t<div class=\"elementor-image-box-wrapper\"><div class=\"elementor-image-box-content\"><h2 class=\"elementor-image-box-title\">Wir vermieten unsere R\u00e4umlichkeiten<\/h2><p class=\"elementor-image-box-description\">Sie sind auf der Suche nach einem barrierefreien Raum f\u00fcr Familienfeiern, Veranstaltungen, Weiterbildungen, Workshops oder Vortr\u00e4ge?\n\nUnsere barrierefreien R\u00e4ume kann man mieten.\n\nNat\u00fcrlich ist auch eine regelm\u00e4\u00dfige Nutzung m\u00f6glich f\u00fcr Kursangebote, Fortbildungen,  oder Arbeitsgemeinschaften.\n\nUnsere R\u00e4ume bieten Platz f\u00fcr bis zu 25 Personen und  sind mit Tischen und St\u00fchlen ausgestattet. Auch eine K\u00fcche mit Sp\u00fclmaschine ist vorhanden sowie Geschirr.<br>F\u00fcr detaillierte Informtionen und Fragen senden Sie uns einfach eine Raumanfrage!<\/p><\/div><\/div>\t\t\t\t<\/div>\n\t\t\t\t<\/div>\n\t\t\t\t<div class=\"elementor-element elementor-element-5217c3e elementor-tablet-align-left elementor-mobile-align-center elementor-widget elementor-widget-button\" data-id=\"5217c3e\" data-element_type=\"widget\" data-e-type=\"widget\" data-widget_type=\"button.default\">\n\t\t\t\t<div class=\"elementor-widget-container\">\n\t\t\t\t\t\t\t\t\t<div class=\"elementor-button-wrapper\">\n\t\t\t\t\t<a class=\"elementor-button elementor-button-link elementor-size-sm\" href=\"mailto:info@stadtteilladen.de\">\n\t\t\t\t\t\t<span class=\"elementor-button-content-wrapper\">\n\t\t\t\t\t\t\t\t\t<span class=\"elementor-button-text\">Raumanfrage<\/span>\n\t\t\t\t\t<\/span>\n\t\t\t\t\t<\/a>\n\t\t\t\t<\/div>\n\t\t\t\t\t\t\t\t<\/div>\n\t\t\t\t<\/div>\n\t\t\t\t\t<\/div>\n\t\t<\/div>\n\t\t\t\t<div class=\"elementor-column elementor-col-50 elementor-inner-column elementor-element elementor-element-3b32b0c\" data-id=\"3b32b0c\" data-element_type=\"column\" data-e-type=\"column\">\n\t\t\t<div class=\"elementor-widget-wrap elementor-element-populated\">\n\t\t\t\t\t\t<div class=\"elementor-element elementor-element-54ac2bd elementor-widget elementor-widget-image\" data-id=\"54ac2bd\" data-element_type=\"widget\" data-e-type=\"widget\" data-widget_type=\"image.default\">\n\t\t\t\t<div class=\"elementor-widget-container\">\n\t\t\t\t\t\t\t\t\t\t\t\t\t\t\t<img fetchpriority=\"high\" decoding=\"async\" width=\"768\" height=\"1024\" src=\"https:\/\/stadtteilladen.andreasbahr.de\/wp-content\/uploads\/2023\/04\/20230424_085855-768x1024.jpg\" class=\"attachment-large size-large wp-image-4110\" alt=\"\" srcset=\"https:\/\/stadtteilladen.andreasbahr.de\/wp-content\/uploads\/2023\/04\/20230424_085855-768x1024.jpg 768w, https:\/\/stadtteilladen.andreasbahr.de\/wp-content\/uploads\/2023\/04\/20230424_085855-225x300.jpg 225w, https:\/\/stadtteilladen.andreasbahr.de\/wp-content\/uploads\/2023\/04\/20230424_085855-1152x1536.jpg 1152w, https:\/\/stadtteilladen.andreasbahr.de\/wp-content\/uploads\/2023\/04\/20230424_085855-1536x2048.jpg 1536w, https:\/\/stadtteilladen.andreasbahr.de\/wp-content\/uploads\/2023\/04\/20230424_085855-scaled.jpg 1920w\" sizes=\"(max-width: 768px) 100vw, 768px\" \/>\t\t\t\t\t\t\t\t\t\t\t\t\t\t\t<\/div>\n\t\t\t\t<\/div>\n\t\t\t\t\t<\/div>\n\t\t<\/div>\n\t\t\t\t\t<\/div>\n\t\t<\/section>\n\t\t\t\t\t<\/div>\n\t\t<\/div>\n\t\t\t\t\t<\/div>\n\t\t<\/section>\n\t\t\t\t<\/div>\n\t\t","protected":false},"excerpt":{"rendered":"<p>Wir vermieten unsere R\u00e4umlichkeiten Sie sind auf der Suche nach einem barrierefreien Raum f\u00fcr Familienfeiern, Veranstaltungen, Weiterbildungen, Workshops oder Vortr\u00e4ge?<\/p>\n","protected":false},"author":5,"featured_media":0,"parent":0,"menu_order":0,"comment_status":"closed","ping_status":"closed","template":"","meta":{"colormag_page_container_layout":"no_sidebar_full_width","colormag_page_sidebar_layout":"no_sidebar","advgb_blocks_editor_width":"","advgb_blocks_columns_visual_guide":"","_EventAllDay":false,"_EventTimezone":"","_EventStartDate":"","_EventEndDate":"","_EventStartDateUTC":"","_EventEndDateUTC":"","_EventShowMap":false,"_EventShowMapLink":false,"_EventURL":"","_EventCost":"","_EventCostDescription":"","_EventCurrencySymbol":"","_EventCurrencyCode":"","_EventCurrencyPosition":"","_EventDateTimeSeparator":"","_EventTimeRangeSeparator":"","_EventOrganizerID":[],"_EventVenueID":[],"_OrganizerEmail":"","_OrganizerPhone":"","_OrganizerWebsite":"","_VenueAddress":"","_VenueCity":"","_VenueCountry":"","_VenueProvince":"","_VenueState":"","_VenueZip":"","_VenuePhone":"","_VenueURL":"","_VenueStateProvince":"","_VenueLat":"","_VenueLng":"","_VenueShowMap":false,"_VenueShowMapLink":false,"two_page_speed":{"current_score":{"desktop_score":68,"desktop_tti":"1.9\u00a0","mobile_score":87,"mobile_tti":"2.7\u00a0","date":"25.04.2024 07:37:35 am","status":"completed"}},"footnotes":""},"class_list":["post-4100","page","type-page","status-publish","hentry"],"coauthors":[],"author_meta":{"author_link":"https:\/\/stadtteilladen.andreasbahr.de\/?author=5","display_name":"Isabell Goepfrich"},"relative_dates":{"created":"Ver\u00f6ffentlicht 3\u00a0Jahren vor","modified":"Aktualisiert 2\u00a0Jahren vor"},"absolute_dates":{"created":"Ver\u00f6ffentlicht am 24. April 2023","modified":"Aktualisiert am 25. April 2024"},"absolute_dates_time":{"created":"Ver\u00f6ffentlicht am 24. April 2023 7:05","modified":"Aktualisiert am 25. April 2024 7:37"},"featured_img_caption":"","featured_img":false,"series_order":"","_links":{"self":[{"href":"https:\/\/stadtteilladen.andreasbahr.de\/index.php?rest_route=\/wp\/v2\/pages\/4100","targetHints":{"allow":["GET"]}}],"collection":[{"href":"https:\/\/stadtteilladen.andreasbahr.de\/index.php?rest_route=\/wp\/v2\/pages"}],"about":[{"href":"https:\/\/stadtteilladen.andreasbahr.de\/index.php?rest_route=\/wp\/v2\/types\/page"}],"author":[{"embeddable":true,"href":"https:\/\/stadtteilladen.andreasbahr.de\/index.php?rest_route=\/wp\/v2\/users\/5"}],"replies":[{"embeddable":true,"href":"https:\/\/stadtteilladen.andreasbahr.de\/index.php?rest_route=%2Fwp%2Fv2%2Fcomments&post=4100"}],"version-history":[{"count":14,"href":"https:\/\/stadtteilladen.andreasbahr.de\/index.php?rest_route=\/wp\/v2\/pages\/4100\/revisions"}],"predecessor-version":[{"id":5241,"href":"https:\/\/stadtteilladen.andreasbahr.de\/index.php?rest_route=\/wp\/v2\/pages\/4100\/revisions\/5241"}],"wp:attachment":[{"href":"https:\/\/stadtteilladen.andreasbahr.de\/index.php?rest_route=%2Fwp%2Fv2%2Fmedia&parent=4100"}],"curies":[{"name":"wp","href":"https:\/\/api.w.org\/{rel}","templated":true}]}}